{"id":1194,"date":"2023-12-10T08:55:05","date_gmt":"2023-12-10T08:55:05","guid":{"rendered":"https:\/\/depilacja-gdansk.pl\/removal-of-discoloration\/"},"modified":"2024-03-24T23:21:25","modified_gmt":"2024-03-24T23:21:25","slug":"removal-of-discoloration","status":"publish","type":"page","link":"https:\/\/depilacja-gdansk.pl\/en\/removal-of-discoloration\/","title":{"rendered":"REMOVAL OF DISCOLORATION"},"content":{"rendered":"\t\t<div data-elementor-type=\"wp-page\" data-elementor-id=\"1194\" class=\"elementor elementor-1194\" data-elementor-post-type=\"page\">\n\t\t\t\t\t\t<section class=\"elementor-section elementor-top-section elementor-element elementor-element-3a1afd80 elementor-section-content-middle elementor-section-boxed elementor-section-height-default elementor-section-height-default\" data-id=\"3a1afd80\" data-element_type=\"section\" data-settings=\"{&quot;background_background&quot;:&quot;classic&quot;}\">\n\t\t\t\t\t\t<div class=\"elementor-container elementor-column-gap-default\">\n\t\t\t\t\t<div class=\"elementor-column elementor-col-100 elementor-top-column elementor-element elementor-element-6ae1621e\" data-id=\"6ae1621e\" data-element_type=\"column\">\n\t\t\t<div class=\"elementor-widget-wrap elementor-element-populated\">\n\t\t\t\t\t\t<div class=\"elementor-element elementor-element-511bcc11 elementor-widget elementor-widget-heading\" data-id=\"511bcc11\" data-element_type=\"widget\" data-widget_type=\"heading.default\">\n\t\t\t\t<div class=\"elementor-widget-container\">\n\t\t\t\t\t<h5 class=\"elementor-heading-title elementor-size-default\">REMOVAL OF DISCOLORATION\n<\/h5>\t\t\t\t<\/div>\n\t\t\t\t<\/div>\n\t\t\t\t\t<\/div>\n\t\t<\/div>\n\t\t\t\t\t<\/div>\n\t\t<\/section>\n\t\t\t\t<section class=\"elementor-section elementor-top-section elementor-element elementor-element-1b305d08 elementor-section-boxed elementor-section-height-default elementor-section-height-default\" data-id=\"1b305d08\" data-element_type=\"section\" data-settings=\"{&quot;background_background&quot;:&quot;classic&quot;}\">\n\t\t\t\t\t\t<div class=\"elementor-container elementor-column-gap-default\">\n\t\t\t\t\t<div class=\"elementor-column elementor-col-100 elementor-top-column elementor-element elementor-element-505c4896\" data-id=\"505c4896\" data-element_type=\"column\">\n\t\t\t<div class=\"elementor-widget-wrap elementor-element-populated\">\n\t\t\t\t\t\t<div class=\"elementor-element elementor-element-35e330d9 elementor-widget elementor-widget-heading\" data-id=\"35e330d9\" data-element_type=\"widget\" data-widget_type=\"heading.default\">\n\t\t\t\t<div class=\"elementor-widget-container\">\n\t\t\t\t\t<h2 class=\"elementor-heading-title elementor-size-default\">Effective Removal of Discoloration  <\/h2>\t\t\t\t<\/div>\n\t\t\t\t<\/div>\n\t\t\t\t<div class=\"elementor-element elementor-element-59f7713c elementor-widget elementor-widget-text-editor\" data-id=\"59f7713c\" data-element_type=\"widget\" data-widget_type=\"text-editor.default\">\n\t\t\t\t<div class=\"elementor-widget-container\">\n\t\t\t\t\t\t\t\t\t<p><span style=\"font-weight: 400;\">Skin pigmentation disorders, commonly known as hyperpigmentation, are both a cosmetological and therapeutic problem. They can appear in the form of small spots or occupy larger areas of skin, often exacerbating aesthetic complexes. Hyperpigmentation treatments, using the parameters of a radio-wave-enhanced laser, are an effective answer to these ailments. All treatments, including blemish removal, are performed by trained cosmetologists with a degree in cosmetology.<\/span><\/p>\n\t\t\t\t\t\t\t\t<\/div>\n\t\t\t\t<\/div>\n\t\t\t\t<div class=\"elementor-element elementor-element-323ab5b3 elementor-widget elementor-widget-heading\" data-id=\"323ab5b3\" data-element_type=\"widget\" data-widget_type=\"heading.default\">\n\t\t\t\t<div class=\"elementor-widget-container\">\n\t\t\t\t\t<h2 class=\"elementor-heading-title elementor-size-default\">How to Get Rid of Discoloration on the Face?\n<\/h2>\t\t\t\t<\/div>\n\t\t\t\t<\/div>\n\t\t\t\t<div class=\"elementor-element elementor-element-5349b786 elementor-widget elementor-widget-text-editor\" data-id=\"5349b786\" data-element_type=\"widget\" data-widget_type=\"text-editor.default\">\n\t\t\t\t<div class=\"elementor-widget-container\">\n\t\t\t\t\t\t\t\t\t<p><span style=\"font-weight: 400;\">Under the action of the IPL laser, the cells of the discoloration are destroyed, and the lesion irradiated by the laser gently exfoliates, fading within 7-10 days after treatment. The process of removing hyperpigmentation with a laser is gentler and safer than with chemical peels. Immediately after treatment, makeup can be applied, masking the irradiated area. As few as 2 treatments are usually enough to restore the skin to a uniform, healthy appearance.<\/span><\/p>\n\t\t\t\t\t\t\t\t<\/div>\n\t\t\t\t<\/div>\n\t\t\t\t<div class=\"elementor-element elementor-element-a11ee7c elementor-widget elementor-widget-image\" data-id=\"a11ee7c\" data-element_type=\"widget\" data-widget_type=\"image.default\">\n\t\t\t\t<div class=\"elementor-widget-container\">\n\t\t\t\t\t\t\t\t\t\t\t\t\t\t\t<img fetchpriority=\"high\" decoding=\"async\" width=\"1920\" height=\"1080\" src=\"https:\/\/depilacja-gdansk.pl\/wp-content\/uploads\/2024\/03\/fotoodmladzanie.jpg\" class=\"attachment-full size-full wp-image-1059\" alt=\"fotoodmladzanie\" srcset=\"https:\/\/depilacja-gdansk.pl\/wp-content\/uploads\/2024\/03\/fotoodmladzanie.jpg 1920w, https:\/\/depilacja-gdansk.pl\/wp-content\/uploads\/2024\/03\/fotoodmladzanie-300x169.jpg 300w, https:\/\/depilacja-gdansk.pl\/wp-content\/uploads\/2024\/03\/fotoodmladzanie-1024x576.jpg 1024w, https:\/\/depilacja-gdansk.pl\/wp-content\/uploads\/2024\/03\/fotoodmladzanie-768x432.jpg 768w, https:\/\/depilacja-gdansk.pl\/wp-content\/uploads\/2024\/03\/fotoodmladzanie-1536x864.jpg 1536w\" sizes=\"(max-width: 1920px) 100vw, 1920px\" \/>\t\t\t\t\t\t\t\t\t\t\t\t\t\t\t<\/div>\n\t\t\t\t<\/div>\n\t\t\t\t<div class=\"elementor-element elementor-element-7f7744c8 elementor-widget elementor-widget-heading\" data-id=\"7f7744c8\" data-element_type=\"widget\" data-widget_type=\"heading.default\">\n\t\t\t\t<div class=\"elementor-widget-container\">\n\t\t\t\t\t<h2 class=\"elementor-heading-title elementor-size-default\">How Does Discoloration Removal Work?\n<\/h2>\t\t\t\t<\/div>\n\t\t\t\t<\/div>\n\t\t\t\t<div class=\"elementor-element elementor-element-2d480407 elementor-widget elementor-widget-text-editor\" data-id=\"2d480407\" data-element_type=\"widget\" data-widget_type=\"text-editor.default\">\n\t\t\t\t<div class=\"elementor-widget-container\">\n\t\t\t\t\t\t\t\t\t<p><span style=\"font-weight: 400;\">E-light technology uses the phenomena of selective IPL photothermolysis and bipolar RF. IPL pulsed light attacks darker areas, heating them up, while RF current penetrates the warmer layers of color changes, eliminating excess pigment from visible skin layers.<\/span><\/p>\n<h5><b>Removal of discoloration consists of two stages:<\/b><\/h5>\n<ol>\n<li style=\"font-weight: 400;\" aria-level=\"1\"><span style=\"font-weight: 400;\">The action of the radiofrequency laser focuses on pigmented lesion areas.<\/span><\/li>\n<li style=\"font-weight: 400;\" aria-level=\"1\"><span style=\"font-weight: 400;\">A calming mask applied after a blemish removal treatment soothes the skin, accelerates tissue repair processes, while providing a moment of relaxation.<\/span><\/li>\n<\/ol>\n\t\t\t\t\t\t\t\t<\/div>\n\t\t\t\t<\/div>\n\t\t\t\t<div class=\"elementor-element elementor-element-1f231e6 elementor-widget elementor-widget-heading\" data-id=\"1f231e6\" data-element_type=\"widget\" data-widget_type=\"heading.default\">\n\t\t\t\t<div class=\"elementor-widget-container\">\n\t\t\t\t\t<h2 class=\"elementor-heading-title elementor-size-default\">Does Removing Hyperpigmentation Hurt?\n<\/h2>\t\t\t\t<\/div>\n\t\t\t\t<\/div>\n\t\t\t\t<div class=\"elementor-element elementor-element-f06058d elementor-widget elementor-widget-text-editor\" data-id=\"f06058d\" data-element_type=\"widget\" data-widget_type=\"text-editor.default\">\n\t\t\t\t<div class=\"elementor-widget-container\">\n\t\t\t\t\t\t\t\t\t<p><span style=\"font-weight: 400;\">Removal of hyperpigmentation is usually painless, although it may cause some discomfort for some patients. The cosmetologist always adjusts the parameters to ensure the patient&#8217;s comfort during the procedure.<\/span><\/p>\n\t\t\t\t\t\t\t\t<\/div>\n\t\t\t\t<\/div>\n\t\t\t\t\t<\/div>\n\t\t<\/div>\n\t\t\t\t\t<\/div>\n\t\t<\/section>\n\t\t\t\t<section class=\"elementor-section elementor-top-section elementor-element elementor-element-5fadca7a elementor-section-content-middle elementor-section-boxed elementor-section-height-default elementor-section-height-default\" data-id=\"5fadca7a\" data-element_type=\"section\" data-settings=\"{&quot;background_background&quot;:&quot;classic&quot;}\">\n\t\t\t\t\t\t<div class=\"elementor-container elementor-column-gap-default\">\n\t\t\t\t\t<div class=\"elementor-column elementor-col-100 elementor-top-column elementor-element elementor-element-48d346f9\" data-id=\"48d346f9\" data-element_type=\"column\">\n\t\t\t<div class=\"elementor-widget-wrap elementor-element-populated\">\n\t\t\t\t\t\t<div class=\"elementor-element elementor-element-1254536e elementor-widget elementor-widget-jkit_tabs\" data-id=\"1254536e\" data-element_type=\"widget\" data-widget_type=\"jkit_tabs.default\">\n\t\t\t\t<div class=\"elementor-widget-container\">\n\t\t\t\t\t<div  class=\"jeg-elementor-kit jkit-tabs layout-vertical jeg_module___6a08e4f915653\" ><div class=\"tab-navigation\"><ul class=\"tab-nav-list   \" data-toggle=\"\"><li class=\"tab-nav active \" data-tab=\"tab-c312ac4\"><span class=\"tab-title\">Zalety<\/span><div class=\"tab-content\"><div class=\"tab-description\"><\/div><\/div><\/li><li class=\"tab-nav  \" data-tab=\"tab-322cd4d\"><span class=\"tab-title\"> Wskazania<\/span><div class=\"tab-content\"><div class=\"tab-description\"><\/div><\/div><\/li><li class=\"tab-nav  \" data-tab=\"tab-e241c29\"><span class=\"tab-title\">Przeciwwskazania<\/span><div class=\"tab-content\"><div class=\"tab-description\"><\/div><\/div><\/li><\/ul><\/div><div class=\"tab-content-list\"><div class=\"tab-content tab-c312ac4 active\"><ul><li>Bezpiecze\u0144stwo<\/li><li>Szybko\u015b\u0107 i dok\u0142adno\u015b\u0107<\/li><li>Nowoczesno\u015b\u0107 i efektywno\u015b\u0107<\/li><li>Bezinwazyjno\u015b\u0107\u00a0<\/li><\/ul><\/div><div class=\"tab-content tab-322cd4d \"><ul><li style=\"font-weight: 400\"><span style=\"font-weight: 400\">Melasma<\/span><\/li><li style=\"font-weight: 400\"><span style=\"font-weight: 400\">Piegi, przebarwienia s\u0142oneczne<\/span><\/li><li style=\"font-weight: 400\"><span style=\"font-weight: 400\">Przebarwienia polekowe<\/span><\/li><li style=\"font-weight: 400\"><span style=\"font-weight: 400\">Przebarwienia tr\u0105dzikowe<\/span><\/li><li style=\"font-weight: 400\"><span style=\"font-weight: 400\">Plamy starcze<\/span><\/li><li style=\"font-weight: 400\"><span style=\"font-weight: 400\">Przebarwienia hormonalne<\/span><\/li><\/ul><\/div><div class=\"tab-content tab-e241c29 \"><ul><li style=\"font-weight: 400\"><span style=\"font-weight: 400\">Ci\u0105\u017ca, karmienie piersi\u0105<\/span><\/li><li style=\"font-weight: 400\"><span style=\"font-weight: 400\">Zmieniony kolor sk\u00f3ry: opalenizna, samoopalacz (do 2 tygodni przed zabiegiem)<\/span><\/li><li style=\"font-weight: 400\"><span style=\"font-weight: 400\">Choroby sk\u00f3ry: aktywna opryszczka, obecno\u015b\u0107 zmian barwnikowych albo bielactwo, \u0142uszczyca, liszaj p\u0142aski, fotodermatozy, przerwanie ci\u0105g\u0142o\u015bci sk\u00f3ry<\/span><\/li><li style=\"font-weight: 400\"><span style=\"font-weight: 400\">Przyjmowanie zi\u00f3\u0142: dziurawiec, nagietek, bratek, skrzyp polny<\/span><\/li><li style=\"font-weight: 400\"><span style=\"font-weight: 400\">Stosowanie retinolu, miejscowych ma\u015bci z antybiotykiem<\/span><\/li><\/ul><\/div><\/div><\/div>\t\t\t\t<\/div>\n\t\t\t\t<\/div>\n\t\t\t\t<div class=\"elementor-element elementor-element-f3c756f elementor-widget elementor-widget-jkit_accordion\" data-id=\"f3c756f\" data-element_type=\"widget\" data-widget_type=\"jkit_accordion.default\">\n\t\t\t\t<div class=\"elementor-widget-container\">\n\t\t\t\t\t<div  class=\"jeg-elementor-kit jkit-accordion style-default jeg_module__1_6a08e4f9183cf\" ><div class=\"card-wrapper \">\n                <div class=\"card-header\">\n                    <a href=\"#expand-5888e1e\" class=\"card-header-button\" aria-expanded=\"false\" data-target=\"#expand-5888e1e\" aria-controls=\"expand-5888e1e\">\n                        <span class=\"title\">EFEKTY<\/span><div class=\"right-icon-group\">\n                <div class=\"normal-icon\"><i aria-hidden=\"true\" class=\"jki jki-plus-light\"><\/i><\/div>\n                <div class=\"active-icon\"><i aria-hidden=\"true\" class=\"jki jki-minus-light\"><\/i><\/div>\n            <\/div>\n                    <\/a>\n                <\/div>\n                <div class=\"card-expand\" id=\"expand-5888e1e\" style=\"display:none\"><div class=\"card-body\"><p><a href=\"https:\/\/depilacja-gdansk.pl\/wp-content\/uploads\/2024\/03\/USUWANIE-PRZEBARWIEN-1.jpg\"><img decoding=\"async\" class=\"borderr borderrc3 alignnone wp-image-1063 size-full\" src=\"https:\/\/depilacja-gdansk.pl\/wp-content\/uploads\/2024\/03\/USUWANIE-PRZEBARWIEN-1.jpg\" alt=\"USUWANIE PRZEBARWIE\u0143 1\" width=\"1080\" height=\"1080\" srcset=\"https:\/\/depilacja-gdansk.pl\/wp-content\/uploads\/2024\/03\/USUWANIE-PRZEBARWIEN-1.jpg 1080w, https:\/\/depilacja-gdansk.pl\/wp-content\/uploads\/2024\/03\/USUWANIE-PRZEBARWIEN-1-300x300.jpg 300w, https:\/\/depilacja-gdansk.pl\/wp-content\/uploads\/2024\/03\/USUWANIE-PRZEBARWIEN-1-1024x1024.jpg 1024w, https:\/\/depilacja-gdansk.pl\/wp-content\/uploads\/2024\/03\/USUWANIE-PRZEBARWIEN-1-150x150.jpg 150w, https:\/\/depilacja-gdansk.pl\/wp-content\/uploads\/2024\/03\/USUWANIE-PRZEBARWIEN-1-768x768.jpg 768w\" sizes=\"(max-width: 1080px) 100vw, 1080px\" \/> <\/a><a href=\"https:\/\/depilacja-gdansk.pl\/wp-content\/uploads\/2024\/03\/USUWANIE-PRZEBARWIEN-2.jpg\"><img decoding=\"async\" class=\"borderr borderrc3 alignnone wp-image-1064 size-full\" src=\"https:\/\/depilacja-gdansk.pl\/wp-content\/uploads\/2024\/03\/USUWANIE-PRZEBARWIEN-2.jpg\" alt=\"USUWANIE PRZEBARWIE\u0143 2\" width=\"1080\" height=\"1080\" srcset=\"https:\/\/depilacja-gdansk.pl\/wp-content\/uploads\/2024\/03\/USUWANIE-PRZEBARWIEN-2.jpg 1080w, https:\/\/depilacja-gdansk.pl\/wp-content\/uploads\/2024\/03\/USUWANIE-PRZEBARWIEN-2-300x300.jpg 300w, https:\/\/depilacja-gdansk.pl\/wp-content\/uploads\/2024\/03\/USUWANIE-PRZEBARWIEN-2-1024x1024.jpg 1024w, https:\/\/depilacja-gdansk.pl\/wp-content\/uploads\/2024\/03\/USUWANIE-PRZEBARWIEN-2-150x150.jpg 150w, https:\/\/depilacja-gdansk.pl\/wp-content\/uploads\/2024\/03\/USUWANIE-PRZEBARWIEN-2-768x768.jpg 768w\" sizes=\"(max-width: 1080px) 100vw, 1080px\" \/><\/a> <a href=\"https:\/\/depilacja-gdansk.pl\/wp-content\/uploads\/2024\/03\/USUWANIE-PRZEBARWIEN-3.jpg\"><img loading=\"lazy\" decoding=\"async\" class=\"borderr borderrc3 alignnone wp-image-1065 size-full\" src=\"https:\/\/depilacja-gdansk.pl\/wp-content\/uploads\/2024\/03\/USUWANIE-PRZEBARWIEN-3.jpg\" alt=\"USUWANIE PRZEBARWIE\u0143 3\" width=\"1080\" height=\"1080\" srcset=\"https:\/\/depilacja-gdansk.pl\/wp-content\/uploads\/2024\/03\/USUWANIE-PRZEBARWIEN-3.jpg 1080w, https:\/\/depilacja-gdansk.pl\/wp-content\/uploads\/2024\/03\/USUWANIE-PRZEBARWIEN-3-300x300.jpg 300w, https:\/\/depilacja-gdansk.pl\/wp-content\/uploads\/2024\/03\/USUWANIE-PRZEBARWIEN-3-1024x1024.jpg 1024w, https:\/\/depilacja-gdansk.pl\/wp-content\/uploads\/2024\/03\/USUWANIE-PRZEBARWIEN-3-150x150.jpg 150w, https:\/\/depilacja-gdansk.pl\/wp-content\/uploads\/2024\/03\/USUWANIE-PRZEBARWIEN-3-768x768.jpg 768w\" sizes=\"(max-width: 1080px) 100vw, 1080px\" \/><\/a><\/p><\/div><\/div>\n            <\/div><\/div>\t\t\t\t<\/div>\n\t\t\t\t<\/div>\n\t\t\t\t\t<\/div>\n\t\t<\/div>\n\t\t\t\t\t<\/div>\n\t\t<\/section>\n\t\t\t\t<section class=\"elementor-section elementor-top-section elementor-element elementor-element-cb89c70 elementor-section-boxed elementor-section-height-default elementor-section-height-default\" data-id=\"cb89c70\" data-element_type=\"section\" data-settings=\"{&quot;background_background&quot;:&quot;classic&quot;}\">\n\t\t\t\t\t\t<div class=\"elementor-container elementor-column-gap-default\">\n\t\t\t\t\t<div class=\"elementor-column elementor-col-100 elementor-top-column elementor-element elementor-element-783950e1\" data-id=\"783950e1\" data-element_type=\"column\">\n\t\t\t<div class=\"elementor-widget-wrap elementor-element-populated\">\n\t\t\t\t\t\t<div class=\"elementor-element elementor-element-130dff0a elementor-widget elementor-widget-jkit_accordion\" data-id=\"130dff0a\" data-element_type=\"widget\" data-widget_type=\"jkit_accordion.default\">\n\t\t\t\t<div class=\"elementor-widget-container\">\n\t\t\t\t\t<div  class=\"jeg-elementor-kit jkit-accordion style-default jeg_module__2_6a08e4f919048\" ><div class=\"card-wrapper \">\n                <div class=\"card-header\">\n                    <a href=\"#expand-574700f\" class=\"card-header-button\" aria-expanded=\"false\" data-target=\"#expand-574700f\" aria-controls=\"expand-574700f\">\n                        <span class=\"title\">ZASADA DZIA\u0141ANIA<\/span><div class=\"right-icon-group\">\n                <div class=\"normal-icon\"><i aria-hidden=\"true\" class=\"fas fa-chevron-down\"><\/i><\/div>\n                <div class=\"active-icon\"><i aria-hidden=\"true\" class=\"fas fa-chevron-up\"><\/i><\/div>\n            <\/div>\n                    <\/a>\n                <\/div>\n                <div class=\"card-expand\" id=\"expand-574700f\" style=\"display:none\"><div class=\"card-body\"><p>W tym przypadku oddzia\u0142ywanie skupia si\u0119 bezpo\u015brednio na zmianach melaninowych sk\u00f3ry. \u015awiat\u0142o pulsuj\u0105ce IPL o odpowiedniej d\u0142ugo\u015bci, atakuje jedynie ciemniejsze obszary, kt\u00f3re s\u0105 podgrzewane i wyeksponowane dla drugiej fazy dzia\u0142ania. Pr\u0105d RF przenika przez cieplejsze warstwy zmian kolorytu, defragmentuj\u0105c mikrostruktur\u0119 melaniny. W ten spos\u00f3b nadmiar pigmentu jest eliminowany z widocznych warstw sk\u00f3rnych.\u00a0<\/p><p>Istot\u0105 dzia\u0142ania technologii E-light jest wykorzystywanie w takim zabiegu jak usuwanie przebarwie\u0144 Gda\u0144sk s\u0105 zjawiska selektywnej fototermolizy IPL i bipolarnej fali radiowej RF. Energia \u015bwietlna, w zale\u017cno\u015bci od wybranego zakresu d\u0142ugo\u015bci fal, jest selektywnie absorbowana przez chromofory (melanin\u0119, hemoglobin\u0119) zawarte we w\u0142osach, naczyniach lub sk\u00f3rze. W procesie poch\u0142aniania, energia \u015bwiat\u0142a konwertowana jest na energi\u0119 termiczn\u0105, kt\u00f3ra podgrzewa i uszkadza odpowiednie struktury (teoria selektywnej fototermolizy).<\/p><\/div><\/div>\n            <\/div><\/div>\t\t\t\t<\/div>\n\t\t\t\t<\/div>\n\t\t\t\t\t<\/div>\n\t\t<\/div>\n\t\t\t\t\t<\/div>\n\t\t<\/section>\n\t\t\t\t<section class=\"elementor-section elementor-top-section elementor-element elementor-element-8434f22 elementor-section-content-middle elementor-section-boxed elementor-section-height-default elementor-section-height-default\" data-id=\"8434f22\" data-element_type=\"section\" data-settings=\"{&quot;background_background&quot;:&quot;classic&quot;}\">\n\t\t\t\t\t\t<div class=\"elementor-container elementor-column-gap-default\">\n\t\t\t\t\t<div class=\"elementor-column elementor-col-100 elementor-top-column elementor-element elementor-element-7a4871a6\" data-id=\"7a4871a6\" data-element_type=\"column\">\n\t\t\t<div class=\"elementor-widget-wrap elementor-element-populated\">\n\t\t\t\t\t\t<div class=\"elementor-element elementor-element-58ef24dc elementor-widget elementor-widget-heading\" data-id=\"58ef24dc\" data-element_type=\"widget\" data-widget_type=\"heading.default\">\n\t\t\t\t<div class=\"elementor-widget-container\">\n\t\t\t\t\t<h5 class=\"elementor-heading-title elementor-size-default\">Price list<\/h5>\t\t\t\t<\/div>\n\t\t\t\t<\/div>\n\t\t\t\t<div class=\"elementor-element elementor-element-371fb6f6 elementor-widget-divider--view-line elementor-widget elementor-widget-divider\" data-id=\"371fb6f6\" data-element_type=\"widget\" data-widget_type=\"divider.default\">\n\t\t\t\t<div class=\"elementor-widget-container\">\n\t\t\t\t\t\t\t<div class=\"elementor-divider\">\n\t\t\t<span class=\"elementor-divider-separator\">\n\t\t\t\t\t\t<\/span>\n\t\t<\/div>\n\t\t\t\t\t\t<\/div>\n\t\t\t\t<\/div>\n\t\t\t\t<section class=\"elementor-section elementor-inner-section elementor-element elementor-element-7bbdc729 elementor-section-boxed elementor-section-height-default elementor-section-height-default\" data-id=\"7bbdc729\" data-element_type=\"section\">\n\t\t\t\t\t\t<div class=\"elementor-container elementor-column-gap-wider\">\n\t\t\t\t\t<div class=\"elementor-column elementor-col-100 elementor-inner-column elementor-element elementor-element-7183ef0b\" data-id=\"7183ef0b\" data-element_type=\"column\">\n\t\t\t<div class=\"elementor-widget-wrap elementor-element-populated\">\n\t\t\t\t\t\t<div class=\"elementor-element elementor-element-4aef4db5 elementor-widget elementor-widget-price-list\" data-id=\"4aef4db5\" data-element_type=\"widget\" data-widget_type=\"price-list.default\">\n\t\t\t\t<div class=\"elementor-widget-container\">\n\t\t\t\t\t\n\t\t<ul class=\"elementor-price-list\">\n\n\t\t\t\t\t\t\t\t\t<li class=\"elementor-price-list-item\">\t\t\t\t\n\t\t\t\t<div class=\"elementor-price-list-text\">\n\t\t\t\t\t\t\t\t\t<div class=\"elementor-price-list-header\">\n\t\t\t\t\t\t\t\t\t\t\t<span class=\"elementor-price-list-title\">\n\t\t\t\t\t\t\tface  \t\t\t\t\t\t<\/span>\n\t\t\t\t\t\t\t\t\t\t\t\t\t\t\t\t\t\t<span class=\"elementor-price-list-separator\"><\/span>\n\t\t\t\t\t\t\t\t\t\t\t\t\t\t\t\t\t\t\t<span class=\"elementor-price-list-price\">369 z\u0142<\/span>\n\t\t\t\t\t\t\t\t\t\t<\/div>\n\t\t\t\t\t\t\t\t\t\t\t\t<\/div>\n\t\t\t\t<\/li>\t\t\t\t\t\t\t\t\t\t\t\t<li class=\"elementor-price-list-item\">\t\t\t\t\n\t\t\t\t<div class=\"elementor-price-list-text\">\n\t\t\t\t\t\t\t\t\t<div class=\"elementor-price-list-header\">\n\t\t\t\t\t\t\t\t\t\t\t<span class=\"elementor-price-list-title\">\n\t\t\t\t\t\t\tneckline\t\t\t\t\t\t<\/span>\n\t\t\t\t\t\t\t\t\t\t\t\t\t\t\t\t\t\t<span class=\"elementor-price-list-separator\"><\/span>\n\t\t\t\t\t\t\t\t\t\t\t\t\t\t\t\t\t\t\t<span class=\"elementor-price-list-price\">399 z\u0142<\/span>\n\t\t\t\t\t\t\t\t\t\t<\/div>\n\t\t\t\t\t\t\t\t\t\t\t\t<\/div>\n\t\t\t\t<\/li>\t\t\t\t\t\t\t\t\t\t\t\t<li class=\"elementor-price-list-item\">\t\t\t\t\n\t\t\t\t<div class=\"elementor-price-list-text\">\n\t\t\t\t\t\t\t\t\t<div class=\"elementor-price-list-header\">\n\t\t\t\t\t\t\t\t\t\t\t<span class=\"elementor-price-list-title\">\n\t\t\t\t\t\t\tcheeks  \t\t\t\t\t\t<\/span>\n\t\t\t\t\t\t\t\t\t\t\t\t\t\t\t\t\t\t<span class=\"elementor-price-list-separator\"><\/span>\n\t\t\t\t\t\t\t\t\t\t\t\t\t\t\t\t\t\t\t<span class=\"elementor-price-list-price\">249 z\u0142<\/span>\n\t\t\t\t\t\t\t\t\t\t<\/div>\n\t\t\t\t\t\t\t\t\t\t\t\t<\/div>\n\t\t\t\t<\/li>\t\t\t\t\t\t\t\t\t\t\t\t<li class=\"elementor-price-list-item\">\t\t\t\t\n\t\t\t\t<div class=\"elementor-price-list-text\">\n\t\t\t\t\t\t\t\t\t<div class=\"elementor-price-list-header\">\n\t\t\t\t\t\t\t\t\t\t\t<span class=\"elementor-price-list-title\">\n\t\t\t\t\t\t\tisolated blemishes\t\t\t\t\t\t<\/span>\n\t\t\t\t\t\t\t\t\t\t\t\t\t\t\t\t\t\t<span class=\"elementor-price-list-separator\"><\/span>\n\t\t\t\t\t\t\t\t\t\t\t\t\t\t\t\t\t\t\t<span class=\"elementor-price-list-price\">120 z\u0142<\/span>\n\t\t\t\t\t\t\t\t\t\t<\/div>\n\t\t\t\t\t\t\t\t\t\t\t\t<\/div>\n\t\t\t\t<\/li>\t\t\t\t\t\t\t\t\t\t\t\t<li class=\"elementor-price-list-item\">\t\t\t\t\n\t\t\t\t<div class=\"elementor-price-list-text\">\n\t\t\t\t\t\t\t\t\t<div class=\"elementor-price-list-header\">\n\t\t\t\t\t\t\t\t\t\t\t<span class=\"elementor-price-list-title\">\n\t\t\t\t\t\t\thands  \t\t\t\t\t\t<\/span>\n\t\t\t\t\t\t\t\t\t\t\t\t\t\t\t\t\t\t<span class=\"elementor-price-list-separator\"><\/span>\n\t\t\t\t\t\t\t\t\t\t\t\t\t\t\t\t\t\t\t<span class=\"elementor-price-list-price\">249 z\u0142<\/span>\n\t\t\t\t\t\t\t\t\t\t<\/div>\n\t\t\t\t\t\t\t\t\t\t\t\t<\/div>\n\t\t\t\t<\/li>\t\t\t\t\t\t\t\t\t\t\t\t<li class=\"elementor-price-list-item\">\t\t\t\t\n\t\t\t\t<div class=\"elementor-price-list-text\">\n\t\t\t\t\t\t\t\t\t<div class=\"elementor-price-list-header\">\n\t\t\t\t\t\t\t\t\t\t\t<span class=\"elementor-price-list-title\">\n\t\t\t\t\t\t\tforehead  \t\t\t\t\t\t<\/span>\n\t\t\t\t\t\t\t\t\t\t\t\t\t\t\t\t\t\t<span class=\"elementor-price-list-separator\"><\/span>\n\t\t\t\t\t\t\t\t\t\t\t\t\t\t\t\t\t\t\t<span class=\"elementor-price-list-price\">249 z\u0142<\/span>\n\t\t\t\t\t\t\t\t\t\t<\/div>\n\t\t\t\t\t\t\t\t\t\t\t\t<\/div>\n\t\t\t\t<\/li>\t\t\t\t\t\n\t\t<\/ul>\n\n\t\t\t\t\t\t<\/div>\n\t\t\t\t<\/div>\n\t\t\t\t\t<\/div>\n\t\t<\/div>\n\t\t\t\t\t<\/div>\n\t\t<\/section>\n\t\t\t\t<div class=\"elementor-element elementor-element-294ae01 elementor-align-center elementor-widget elementor-widget-button\" data-id=\"294ae01\" data-element_type=\"widget\" data-widget_type=\"button.default\">\n\t\t\t\t<div class=\"elementor-widget-container\">\n\t\t\t\t\t\t\t\t\t<div class=\"elementor-button-wrapper\">\n\t\t\t\t\t<a class=\"elementor-button elementor-button-link elementor-size-sm\" href=\"https:\/\/booksy.com\/pl-pl\/98864_prive-beauty-hair_salon-kosmetyczny_20383_gdansk?gclid=Cj0KCQjwy4KqBhD0ARIsAEbCt6irQVY2KZkFOY5bozC7bK_JsBIGmp0CDy_jvNEzPPLaqQCB57ibLKcaAiPjEALw_wcB\" target=\"_blank\">\n\t\t\t\t\t\t<span class=\"elementor-button-content-wrapper\">\n\t\t\t\t\t\t\t\t\t<span class=\"elementor-button-text\">RESERVE<\/span>\n\t\t\t\t\t<\/span>\n\t\t\t\t\t<\/a>\n\t\t\t\t<\/div>\n\t\t\t\t\t\t\t\t<\/div>\n\t\t\t\t<\/div>\n\t\t\t\t\t<\/div>\n\t\t<\/div>\n\t\t\t\t\t<\/div>\n\t\t<\/section>\n\t\t\t\t<\/div>\n\t\t","protected":false},"excerpt":{"rendered":"<p>REMOVAL OF DISCOLORATION Effective Removal of Discoloration Skin pigmentation disorders, commonly known as hyperpigmentation, are both a cosmetological and therapeutic problem. They can appear in the form of small spots or occupy larger areas of skin, often exacerbating aesthetic complexes. Hyperpigmentation treatments, using the parameters of a radio-wave-enhanced laser, are an effective answer to these [&hellip;]<\/p>\n","protected":false},"author":1,"featured_media":0,"parent":0,"menu_order":0,"comment_status":"closed","ping_status":"closed","template":"elementor_header_footer","meta":{"cybocfi_hide_featured_image":"","footnotes":""},"blocksy_meta":[],"_links":{"self":[{"href":"https:\/\/depilacja-gdansk.pl\/en\/wp-json\/wp\/v2\/pages\/1194"}],"collection":[{"href":"https:\/\/depilacja-gdansk.pl\/en\/wp-json\/wp\/v2\/pages"}],"about":[{"href":"https:\/\/depilacja-gdansk.pl\/en\/wp-json\/wp\/v2\/types\/page"}],"author":[{"embeddable":true,"href":"https:\/\/depilacja-gdansk.pl\/en\/wp-json\/wp\/v2\/users\/1"}],"replies":[{"embeddable":true,"href":"https:\/\/depilacja-gdansk.pl\/en\/wp-json\/wp\/v2\/comments?post=1194"}],"version-history":[{"count":0,"href":"https:\/\/depilacja-gdansk.pl\/en\/wp-json\/wp\/v2\/pages\/1194\/revisions"}],"wp:attachment":[{"href":"https:\/\/depilacja-gdansk.pl\/en\/wp-json\/wp\/v2\/media?parent=1194"}],"curies":[{"name":"wp","href":"https:\/\/api.w.org\/{rel}","templated":true}]}}