{"id":1196,"date":"2023-12-10T08:51:28","date_gmt":"2023-12-10T08:51:28","guid":{"rendered":"https:\/\/depilacja-gdansk.pl\/laser-treatment-of-acne-vulgaris-and-rosacea\/"},"modified":"2024-03-24T23:21:27","modified_gmt":"2024-03-24T23:21:27","slug":"laser-treatment-of-acne-vulgaris-and-rosacea","status":"publish","type":"page","link":"https:\/\/depilacja-gdansk.pl\/en\/laser-treatment-of-acne-vulgaris-and-rosacea\/","title":{"rendered":"LASER TREATMENT OF ACNE VULGARIS AND ROSACEA"},"content":{"rendered":"\t\t<div data-elementor-type=\"wp-page\" data-elementor-id=\"1196\" class=\"elementor elementor-1196\" data-elementor-post-type=\"page\">\n\t\t\t\t\t\t<section class=\"elementor-section elementor-top-section elementor-element elementor-element-6a5e4d83 elementor-section-content-middle elementor-section-boxed elementor-section-height-default elementor-section-height-default\" data-id=\"6a5e4d83\" data-element_type=\"section\" data-settings=\"{&quot;background_background&quot;:&quot;classic&quot;}\">\n\t\t\t\t\t\t<div class=\"elementor-container elementor-column-gap-default\">\n\t\t\t\t\t<div class=\"elementor-column elementor-col-100 elementor-top-column elementor-element elementor-element-67be4689\" data-id=\"67be4689\" data-element_type=\"column\">\n\t\t\t<div class=\"elementor-widget-wrap elementor-element-populated\">\n\t\t\t\t\t\t<div class=\"elementor-element elementor-element-28a531c7 elementor-widget elementor-widget-heading\" data-id=\"28a531c7\" data-element_type=\"widget\" data-widget_type=\"heading.default\">\n\t\t\t\t<div class=\"elementor-widget-container\">\n\t\t\t\t\t<h5 class=\"elementor-heading-title elementor-size-default\">LASER TREATMENT OF ACNE VULGARIS AND ROSACEA\n<\/h5>\t\t\t\t<\/div>\n\t\t\t\t<\/div>\n\t\t\t\t\t<\/div>\n\t\t<\/div>\n\t\t\t\t\t<\/div>\n\t\t<\/section>\n\t\t\t\t<section class=\"elementor-section elementor-top-section elementor-element elementor-element-460cb99a elementor-section-boxed elementor-section-height-default elementor-section-height-default\" data-id=\"460cb99a\" data-element_type=\"section\" data-settings=\"{&quot;background_background&quot;:&quot;classic&quot;}\">\n\t\t\t\t\t\t<div class=\"elementor-container elementor-column-gap-default\">\n\t\t\t\t\t<div class=\"elementor-column elementor-col-100 elementor-top-column elementor-element elementor-element-720d01b8\" data-id=\"720d01b8\" data-element_type=\"column\">\n\t\t\t<div class=\"elementor-widget-wrap elementor-element-populated\">\n\t\t\t\t\t\t<div class=\"elementor-element elementor-element-2d1fd936 elementor-widget elementor-widget-heading\" data-id=\"2d1fd936\" data-element_type=\"widget\" data-widget_type=\"heading.default\">\n\t\t\t\t<div class=\"elementor-widget-container\">\n\t\t\t\t\t<h2 class=\"elementor-heading-title elementor-size-default\">Laser treatment of acne vulgaris and rosacea\n<\/h2>\t\t\t\t<\/div>\n\t\t\t\t<\/div>\n\t\t\t\t<div class=\"elementor-element elementor-element-584d2747 elementor-widget elementor-widget-text-editor\" data-id=\"584d2747\" data-element_type=\"widget\" data-widget_type=\"text-editor.default\">\n\t\t\t\t<div class=\"elementor-widget-container\">\n\t\t\t\t\t\t\t\t\t<p><span style=\"font-weight: 400;\">Always the first step in the fight against acne is an individual consultation, during which a precise diagnosis of the skin is made. Laser acne treatment is a state-of-the-art procedure that focuses on antibacterial activities, regulating seborrhea, exfoliating dead skin and stimulating skin regeneration processes.<\/span><\/p>\n\t\t\t\t\t\t\t\t<\/div>\n\t\t\t\t<\/div>\n\t\t\t\t<div class=\"elementor-element elementor-element-49ff6fe5 elementor-widget elementor-widget-heading\" data-id=\"49ff6fe5\" data-element_type=\"widget\" data-widget_type=\"heading.default\">\n\t\t\t\t<div class=\"elementor-widget-container\">\n\t\t\t\t\t<h2 class=\"elementor-heading-title elementor-size-default\">Why is Laser Acne Therapy Effective?<\/h2>\t\t\t\t<\/div>\n\t\t\t\t<\/div>\n\t\t\t\t<div class=\"elementor-element elementor-element-6b389b94 elementor-widget elementor-widget-text-editor\" data-id=\"6b389b94\" data-element_type=\"widget\" data-widget_type=\"text-editor.default\">\n\t\t\t\t<div class=\"elementor-widget-container\">\n\t\t\t\t\t\t\t\t\t<p><span style=\"font-weight: 400;\">The laser has the ability to eliminate the bacteria responsible for acne, thereby reducing skin inflammation. It effectively regulates sebum production, which helps reduce the formation of blackheads and thickened skin. The procedure includes an epidermal exfoliation step, eliminating dead cells and improving the overall condition of the skin. The laser stimulates regenerative processes, promoting skin renewal and reducing the appearance of acne scars.<\/span><\/p>\n\t\t\t\t\t\t\t\t<\/div>\n\t\t\t\t<\/div>\n\t\t\t\t<div class=\"elementor-element elementor-element-b9eff2e elementor-widget elementor-widget-heading\" data-id=\"b9eff2e\" data-element_type=\"widget\" data-widget_type=\"heading.default\">\n\t\t\t\t<div class=\"elementor-widget-container\">\n\t\t\t\t\t<h2 class=\"elementor-heading-title elementor-size-default\">What does Laser Acne Treatment Look Like?<\/h2>\t\t\t\t<\/div>\n\t\t\t\t<\/div>\n\t\t\t\t<div class=\"elementor-element elementor-element-639303d5 elementor-widget elementor-widget-text-editor\" data-id=\"639303d5\" data-element_type=\"widget\" data-widget_type=\"text-editor.default\">\n\t\t\t\t<div class=\"elementor-widget-container\">\n\t\t\t\t\t\t\t\t\t<p><b>Skin preparation:<\/b><span style=\"font-weight: 400;\"> Microdermabrasion and cavitation peeling prepare the skin by removing impurities and excess oil.<\/span><\/p>\n<p><b>Laser light irradiation<\/b><span style=\"font-weight: 400;\">: The laser is precisely aimed at the areas affected by acne lesions, stimulating healing processes.<\/span><\/p>\n<p><b>Calming mask<\/b><span style=\"font-weight: 400;\">: a moment of relaxation during the application of a calming mask, highlighting the effects of the treatment.<\/span><\/p>\n\t\t\t\t\t\t\t\t<\/div>\n\t\t\t\t<\/div>\n\t\t\t\t<div class=\"elementor-element elementor-element-2de5baa elementor-widget elementor-widget-image\" data-id=\"2de5baa\" data-element_type=\"widget\" data-widget_type=\"image.default\">\n\t\t\t\t<div class=\"elementor-widget-container\">\n\t\t\t\t\t\t\t\t\t\t\t\t\t\t\t<img fetchpriority=\"high\" decoding=\"async\" width=\"1920\" height=\"1080\" src=\"https:\/\/depilacja-gdansk.pl\/wp-content\/uploads\/2024\/03\/LASEROWE-LECZENIE.jpg\" class=\"attachment-full size-full wp-image-1052\" alt=\"LASEROWE-LECZENIE\" srcset=\"https:\/\/depilacja-gdansk.pl\/wp-content\/uploads\/2024\/03\/LASEROWE-LECZENIE.jpg 1920w, https:\/\/depilacja-gdansk.pl\/wp-content\/uploads\/2024\/03\/LASEROWE-LECZENIE-300x169.jpg 300w, https:\/\/depilacja-gdansk.pl\/wp-content\/uploads\/2024\/03\/LASEROWE-LECZENIE-1024x576.jpg 1024w, https:\/\/depilacja-gdansk.pl\/wp-content\/uploads\/2024\/03\/LASEROWE-LECZENIE-768x432.jpg 768w, https:\/\/depilacja-gdansk.pl\/wp-content\/uploads\/2024\/03\/LASEROWE-LECZENIE-1536x864.jpg 1536w\" sizes=\"(max-width: 1920px) 100vw, 1920px\" \/>\t\t\t\t\t\t\t\t\t\t\t\t\t\t\t<\/div>\n\t\t\t\t<\/div>\n\t\t\t\t<div class=\"elementor-element elementor-element-cea2b22 elementor-widget elementor-widget-heading\" data-id=\"cea2b22\" data-element_type=\"widget\" data-widget_type=\"heading.default\">\n\t\t\t\t<div class=\"elementor-widget-container\">\n\t\t\t\t\t<h2 class=\"elementor-heading-title elementor-size-default\">Benefits of Laser Acne Treatment\n<\/h2>\t\t\t\t<\/div>\n\t\t\t\t<\/div>\n\t\t\t\t<div class=\"elementor-element elementor-element-c1aba40 elementor-widget elementor-widget-text-editor\" data-id=\"c1aba40\" data-element_type=\"widget\" data-widget_type=\"text-editor.default\">\n\t\t\t\t<div class=\"elementor-widget-container\">\n\t\t\t\t\t\t\t\t\t<p><span style=\"font-weight: 400;\">The laser removes the symptoms of acne and also helps reduce inflammation and seborrhea. The therapy is non-invasive and does not burden the body, eliminating the need for antibiotics. The cosmetologist adjusts the parameters of the treatment to the individual patient&#8217;s needs. The laser acts on the dermis layer, leaving the upper layers intact.<\/span><\/p>\n\t\t\t\t\t\t\t\t<\/div>\n\t\t\t\t<\/div>\n\t\t\t\t<div class=\"elementor-element elementor-element-41e7373 elementor-widget elementor-widget-heading\" data-id=\"41e7373\" data-element_type=\"widget\" data-widget_type=\"heading.default\">\n\t\t\t\t<div class=\"elementor-widget-container\">\n\t\t\t\t\t<h2 class=\"elementor-heading-title elementor-size-default\">Acne on the back  \n<\/h2>\t\t\t\t<\/div>\n\t\t\t\t<\/div>\n\t\t\t\t<div class=\"elementor-element elementor-element-0f13496 elementor-widget elementor-widget-text-editor\" data-id=\"0f13496\" data-element_type=\"widget\" data-widget_type=\"text-editor.default\">\n\t\t\t\t<div class=\"elementor-widget-container\">\n\t\t\t\t\t\t\t\t\t<p>Laser treatment of acne on the back is a very effective alternative to the highly invasive agents used in antibiotic or retinoid therapy.<br>\nThe laser beam reaches the dermis, where it causes micro-damage, stimulating the tissue to regenerate rapidly. It also has antibacterial and anti-inflammatory properties that work in the epidermal layer.<\/p>\t\t\t\t\t\t\t\t<\/div>\n\t\t\t\t<\/div>\n\t\t\t\t<div class=\"elementor-element elementor-element-2037ace elementor-widget elementor-widget-heading\" data-id=\"2037ace\" data-element_type=\"widget\" data-widget_type=\"heading.default\">\n\t\t\t\t<div class=\"elementor-widget-container\">\n\t\t\t\t\t<h2 class=\"elementor-heading-title elementor-size-default\">Acne vulgaris\n<\/h2>\t\t\t\t<\/div>\n\t\t\t\t<\/div>\n\t\t\t\t<div class=\"elementor-element elementor-element-c0d51b8 elementor-widget elementor-widget-text-editor\" data-id=\"c0d51b8\" data-element_type=\"widget\" data-widget_type=\"text-editor.default\">\n\t\t\t\t<div class=\"elementor-widget-container\">\n\t\t\t\t\t\t\t\t\t<p>The IPL laser light stimulates the porphyrins produced by the acne-producing bacteria Propionibacteriaceae to produce an oxygen compound that destroys them. These bacteria are distributed superficially in the ducts of the sebaceous glands. The light penetrates the tissue thoroughly enough to be effective and safe. RF current causes radiothermolysis and atrophy of the sebaceous glands. Thanks to this action, the level of sebaceous gland secretion is reduced.<\/p>\n\t\t\t\t\t\t\t\t<\/div>\n\t\t\t\t<\/div>\n\t\t\t\t<div class=\"elementor-element elementor-element-2c772f1 elementor-widget elementor-widget-heading\" data-id=\"2c772f1\" data-element_type=\"widget\" data-widget_type=\"heading.default\">\n\t\t\t\t<div class=\"elementor-widget-container\">\n\t\t\t\t\t<h2 class=\"elementor-heading-title elementor-size-default\">Acne rosacea\n<\/h2>\t\t\t\t<\/div>\n\t\t\t\t<\/div>\n\t\t\t\t<div class=\"elementor-element elementor-element-3a4d594 elementor-widget elementor-widget-text-editor\" data-id=\"3a4d594\" data-element_type=\"widget\" data-widget_type=\"text-editor.default\">\n\t\t\t\t<div class=\"elementor-widget-container\">\n\t\t\t\t\t\t\t\t\t<p>Pulsed IPL light destroys the anaerobic bacteria responsible for the formation and spread of acne erythema. Most importantly, reddened areas are removed to minimize vascular lesions. The combination of the two allows to get rid of the problem completely &#8211; from the visual symptoms to the sources of rosacea.<\/p>\n\t\t\t\t\t\t\t\t<\/div>\n\t\t\t\t<\/div>\n\t\t\t\t\t<\/div>\n\t\t<\/div>\n\t\t\t\t\t<\/div>\n\t\t<\/section>\n\t\t\t\t<section class=\"elementor-section elementor-top-section elementor-element elementor-element-ba26843 elementor-section-content-middle elementor-section-boxed elementor-section-height-default elementor-section-height-default\" data-id=\"ba26843\" data-element_type=\"section\" data-settings=\"{&quot;background_background&quot;:&quot;classic&quot;}\">\n\t\t\t\t\t\t<div class=\"elementor-container elementor-column-gap-default\">\n\t\t\t\t\t<div class=\"elementor-column elementor-col-100 elementor-top-column elementor-element elementor-element-7815747\" data-id=\"7815747\" data-element_type=\"column\">\n\t\t\t<div class=\"elementor-widget-wrap elementor-element-populated\">\n\t\t\t\t\t\t<div class=\"elementor-element elementor-element-a16846c elementor-widget elementor-widget-jkit_tabs\" data-id=\"a16846c\" data-element_type=\"widget\" data-widget_type=\"jkit_tabs.default\">\n\t\t\t\t<div class=\"elementor-widget-container\">\n\t\t\t\t\t<div  class=\"jeg-elementor-kit jkit-tabs layout-vertical jeg_module___6a08e3de5781b\" ><div class=\"tab-navigation\"><ul class=\"tab-nav-list   \" data-toggle=\"\"><li class=\"tab-nav active \" data-tab=\"tab-c312ac4\"><span class=\"tab-title\">Wskazania<\/span><div class=\"tab-content\"><div class=\"tab-description\"><\/div><\/div><\/li><li class=\"tab-nav  \" data-tab=\"tab-9f21372\"><span class=\"tab-title\">Przeciwwskazania<\/span><div class=\"tab-content\"><div class=\"tab-description\"><\/div><\/div><\/li><li class=\"tab-nav  \" data-tab=\"tab-322cd4d\"><span class=\"tab-title\">Po zabiegu<\/span><div class=\"tab-content\"><div class=\"tab-description\"><\/div><\/div><\/li><\/ul><\/div><div class=\"tab-content-list\"><div class=\"tab-content tab-c312ac4 active\"><ul><li style=\"font-weight: 400\"><span style=\"font-weight: 400\">Tr\u0105dzik pospolity i r\u00f3\u017cowaty na r\u00f3\u017cnych obszarach cia\u0142a<\/span><\/li><li style=\"font-weight: 400\"><span style=\"font-weight: 400\">Przebarwienia i blizny po tr\u0105dziku.<\/span><\/li><li style=\"font-weight: 400\"><span style=\"font-weight: 400\">Zask\u00f3rniki i grudki na sk\u00f3rze.<\/span><\/li><li style=\"font-weight: 400\"><span style=\"font-weight: 400\">Stany zapalne sk\u00f3ry.<\/span><\/li><\/ul><\/div><div class=\"tab-content tab-9f21372 \"><ul><li style=\"font-weight: 400\"><span style=\"font-weight: 400\">Ci\u0105\u017ca i okres karmienia piersi\u0105.<\/span><\/li><li style=\"font-weight: 400\"><span style=\"font-weight: 400\">Sk\u0142onno\u015b\u0107 do bliznowc\u00f3w keloidowych.<\/span><\/li><li style=\"font-weight: 400\"><span style=\"font-weight: 400\">Aktywna infekcja sk\u00f3ry.<\/span><\/li><li style=\"font-weight: 400\"><span style=\"font-weight: 400\">Fotouczulenie i stosowanie lek\u00f3w fotouczulaj\u0105cych.<\/span><\/li><li style=\"font-weight: 400\"><span style=\"font-weight: 400\">Choroby sk\u00f3ry wymagaj\u0105ce innej terapii.<\/span><\/li><\/ul><\/div><div class=\"tab-content tab-322cd4d \"><ul><li style=\"font-weight: 400\"><span style=\"font-weight: 400\">Mo\u017cliwe zaczerwienienie, kt\u00f3re zanika w ci\u0105gu kilku dni.<\/span><\/li><li style=\"font-weight: 400\"><span style=\"font-weight: 400\">Unikanie s\u0142o\u0144ca i stosowanie kremu z filtrem SPF.<\/span><\/li><li style=\"font-weight: 400\"><span style=\"font-weight: 400\">Regularne nawil\u017canie sk\u00f3ry.<\/span><\/li><li style=\"font-weight: 400\"><span style=\"font-weight: 400\">Powstrzymanie si\u0119 od stosowania mocnych \u015brodk\u00f3w kosmetycznych.<\/span><\/li><\/ul><\/div><\/div><\/div>\t\t\t\t<\/div>\n\t\t\t\t<\/div>\n\t\t\t\t<div class=\"elementor-element elementor-element-721cc90 elementor-widget elementor-widget-jkit_accordion\" data-id=\"721cc90\" data-element_type=\"widget\" data-widget_type=\"jkit_accordion.default\">\n\t\t\t\t<div class=\"elementor-widget-container\">\n\t\t\t\t\t<div  class=\"jeg-elementor-kit jkit-accordion style-default jeg_module__1_6a08e3de5b0e9\" ><div class=\"card-wrapper \">\n                <div class=\"card-header\">\n                    <a href=\"#expand-5888e1e\" class=\"card-header-button\" aria-expanded=\"false\" data-target=\"#expand-5888e1e\" aria-controls=\"expand-5888e1e\">\n                        <span class=\"title\">EFEKTY<\/span><div class=\"right-icon-group\">\n                <div class=\"normal-icon\"><i aria-hidden=\"true\" class=\"jki jki-plus-light\"><\/i><\/div>\n                <div class=\"active-icon\"><i aria-hidden=\"true\" class=\"jki jki-minus-light\"><\/i><\/div>\n            <\/div>\n                    <\/a>\n                <\/div>\n                <div class=\"card-expand\" id=\"expand-5888e1e\" style=\"display:none\"><div class=\"card-body\"><p><a href=\"https:\/\/depilacja-gdansk.pl\/wp-content\/uploads\/2024\/03\/LASEROWE-LECZENIE-1.jpg\"><img decoding=\"async\" class=\"borderr borderrc2 alignnone wp-image-1054 size-full\" src=\"https:\/\/depilacja-gdansk.pl\/wp-content\/uploads\/2024\/03\/LASEROWE-LECZENIE-1.jpg\" alt=\"LASEROWE-LECZENIE-1\" width=\"1080\" height=\"1080\" srcset=\"https:\/\/depilacja-gdansk.pl\/wp-content\/uploads\/2024\/03\/LASEROWE-LECZENIE-1.jpg 1080w, https:\/\/depilacja-gdansk.pl\/wp-content\/uploads\/2024\/03\/LASEROWE-LECZENIE-1-300x300.jpg 300w, https:\/\/depilacja-gdansk.pl\/wp-content\/uploads\/2024\/03\/LASEROWE-LECZENIE-1-1024x1024.jpg 1024w, https:\/\/depilacja-gdansk.pl\/wp-content\/uploads\/2024\/03\/LASEROWE-LECZENIE-1-150x150.jpg 150w, https:\/\/depilacja-gdansk.pl\/wp-content\/uploads\/2024\/03\/LASEROWE-LECZENIE-1-768x768.jpg 768w\" sizes=\"(max-width: 1080px) 100vw, 1080px\" \/><\/a> <a href=\"https:\/\/depilacja-gdansk.pl\/wp-content\/uploads\/2024\/03\/LASEROWE-LECZENIE-2.jpg\"><img decoding=\"async\" class=\"borderr borderrc2 alignnone wp-image-1055 size-full\" src=\"https:\/\/depilacja-gdansk.pl\/wp-content\/uploads\/2024\/03\/LASEROWE-LECZENIE-2.jpg\" alt=\"LASEROWE-LECZENIE-2\" width=\"1080\" height=\"1080\" srcset=\"https:\/\/depilacja-gdansk.pl\/wp-content\/uploads\/2024\/03\/LASEROWE-LECZENIE-2.jpg 1080w, https:\/\/depilacja-gdansk.pl\/wp-content\/uploads\/2024\/03\/LASEROWE-LECZENIE-2-300x300.jpg 300w, https:\/\/depilacja-gdansk.pl\/wp-content\/uploads\/2024\/03\/LASEROWE-LECZENIE-2-1024x1024.jpg 1024w, https:\/\/depilacja-gdansk.pl\/wp-content\/uploads\/2024\/03\/LASEROWE-LECZENIE-2-150x150.jpg 150w, https:\/\/depilacja-gdansk.pl\/wp-content\/uploads\/2024\/03\/LASEROWE-LECZENIE-2-768x768.jpg 768w\" sizes=\"(max-width: 1080px) 100vw, 1080px\" \/><\/a><\/p><\/div><\/div>\n            <\/div><\/div>\t\t\t\t<\/div>\n\t\t\t\t<\/div>\n\t\t\t\t\t<\/div>\n\t\t<\/div>\n\t\t\t\t\t<\/div>\n\t\t<\/section>\n\t\t\t\t<section class=\"elementor-section elementor-top-section elementor-element elementor-element-7948a33f elementor-section-content-middle elementor-section-boxed elementor-section-height-default elementor-section-height-default\" data-id=\"7948a33f\" data-element_type=\"section\" data-settings=\"{&quot;background_background&quot;:&quot;classic&quot;}\">\n\t\t\t\t\t\t<div class=\"elementor-container elementor-column-gap-default\">\n\t\t\t\t\t<div class=\"elementor-column elementor-col-100 elementor-top-column elementor-element elementor-element-7612b4bc\" data-id=\"7612b4bc\" data-element_type=\"column\">\n\t\t\t<div class=\"elementor-widget-wrap elementor-element-populated\">\n\t\t\t\t\t\t<div class=\"elementor-element elementor-element-10b7bcc2 elementor-widget elementor-widget-heading\" data-id=\"10b7bcc2\" data-element_type=\"widget\" data-widget_type=\"heading.default\">\n\t\t\t\t<div class=\"elementor-widget-container\">\n\t\t\t\t\t<h5 class=\"elementor-heading-title elementor-size-default\">Price list<\/h5>\t\t\t\t<\/div>\n\t\t\t\t<\/div>\n\t\t\t\t<div class=\"elementor-element elementor-element-7992dc0 elementor-widget-divider--view-line elementor-widget elementor-widget-divider\" data-id=\"7992dc0\" data-element_type=\"widget\" data-widget_type=\"divider.default\">\n\t\t\t\t<div class=\"elementor-widget-container\">\n\t\t\t\t\t\t\t<div class=\"elementor-divider\">\n\t\t\t<span class=\"elementor-divider-separator\">\n\t\t\t\t\t\t<\/span>\n\t\t<\/div>\n\t\t\t\t\t\t<\/div>\n\t\t\t\t<\/div>\n\t\t\t\t<section class=\"elementor-section elementor-inner-section elementor-element elementor-element-2f3de115 elementor-section-boxed elementor-section-height-default elementor-section-height-default\" data-id=\"2f3de115\" data-element_type=\"section\">\n\t\t\t\t\t\t<div class=\"elementor-container elementor-column-gap-wider\">\n\t\t\t\t\t<div class=\"elementor-column elementor-col-100 elementor-inner-column elementor-element elementor-element-581836f9\" data-id=\"581836f9\" data-element_type=\"column\">\n\t\t\t<div class=\"elementor-widget-wrap elementor-element-populated\">\n\t\t\t\t\t\t<div class=\"elementor-element elementor-element-3dde4727 elementor-widget elementor-widget-price-list\" data-id=\"3dde4727\" data-element_type=\"widget\" data-widget_type=\"price-list.default\">\n\t\t\t\t<div class=\"elementor-widget-container\">\n\t\t\t\t\t\n\t\t<ul class=\"elementor-price-list\">\n\n\t\t\t\t\t\t\t\t\t<li class=\"elementor-price-list-item\">\t\t\t\t\n\t\t\t\t<div class=\"elementor-price-list-text\">\n\t\t\t\t\t\t\t\t\t<div class=\"elementor-price-list-header\">\n\t\t\t\t\t\t\t\t\t\t\t<span class=\"elementor-price-list-title\">\n\t\t\t\t\t\t\tface  \t\t\t\t\t\t<\/span>\n\t\t\t\t\t\t\t\t\t\t\t\t\t\t\t\t\t\t<span class=\"elementor-price-list-separator\"><\/span>\n\t\t\t\t\t\t\t\t\t\t\t\t\t\t\t\t\t\t\t<span class=\"elementor-price-list-price\">170 z\u0142<\/span>\n\t\t\t\t\t\t\t\t\t\t<\/div>\n\t\t\t\t\t\t\t\t\t\t\t\t<\/div>\n\t\t\t\t<\/li>\t\t\t\t\t\t\t\t\t\t\t\t<li class=\"elementor-price-list-item\">\t\t\t\t\n\t\t\t\t<div class=\"elementor-price-list-text\">\n\t\t\t\t\t\t\t\t\t<div class=\"elementor-price-list-header\">\n\t\t\t\t\t\t\t\t\t\t\t<span class=\"elementor-price-list-title\">\n\t\t\t\t\t\t\tface cleavage\t\t\t\t\t\t<\/span>\n\t\t\t\t\t\t\t\t\t\t\t\t\t\t\t\t\t\t<span class=\"elementor-price-list-separator\"><\/span>\n\t\t\t\t\t\t\t\t\t\t\t\t\t\t\t\t\t\t\t<span class=\"elementor-price-list-price\">300 z\u0142<\/span>\n\t\t\t\t\t\t\t\t\t\t<\/div>\n\t\t\t\t\t\t\t\t\t\t\t\t<\/div>\n\t\t\t\t<\/li>\t\t\t\t\t\t\t\t\t\t\t\t<li class=\"elementor-price-list-item\">\t\t\t\t\n\t\t\t\t<div class=\"elementor-price-list-text\">\n\t\t\t\t\t\t\t\t\t<div class=\"elementor-price-list-header\">\n\t\t\t\t\t\t\t\t\t\t\t<span class=\"elementor-price-list-title\">\n\t\t\t\t\t\t\tneckline  \t\t\t\t\t\t<\/span>\n\t\t\t\t\t\t\t\t\t\t\t\t\t\t\t\t\t\t<span class=\"elementor-price-list-separator\"><\/span>\n\t\t\t\t\t\t\t\t\t\t\t\t\t\t\t\t\t\t\t<span class=\"elementor-price-list-price\">300 z\u0142<\/span>\n\t\t\t\t\t\t\t\t\t\t<\/div>\n\t\t\t\t\t\t\t\t\t\t\t\t<\/div>\n\t\t\t\t<\/li>\t\t\t\t\t\t\t\t\t\t\t\t<li class=\"elementor-price-list-item\">\t\t\t\t\n\t\t\t\t<div class=\"elementor-price-list-text\">\n\t\t\t\t\t\t\t\t\t<div class=\"elementor-price-list-header\">\n\t\t\t\t\t\t\t\t\t\t\t<span class=\"elementor-price-list-title\">\n\t\t\t\t\t\t\tback  \t\t\t\t\t\t<\/span>\n\t\t\t\t\t\t\t\t\t\t\t\t\t\t\t\t\t\t<span class=\"elementor-price-list-separator\"><\/span>\n\t\t\t\t\t\t\t\t\t\t\t\t\t\t\t\t\t\t\t<span class=\"elementor-price-list-price\">300 z\u0142<\/span>\n\t\t\t\t\t\t\t\t\t\t<\/div>\n\t\t\t\t\t\t\t\t\t\t\t\t<\/div>\n\t\t\t\t<\/li>\t\t\t\t\t\t\t\t\t\t\t\t<li class=\"elementor-price-list-item\">\t\t\t\t\n\t\t\t\t<div class=\"elementor-price-list-text\">\n\t\t\t\t\t\t\t\t\t<div class=\"elementor-price-list-header\">\n\t\t\t\t\t\t\t\t\t\t\t<span class=\"elementor-price-list-title\">\n\t\t\t\t\t\t\tsingle batch\t\t\t\t\t\t<\/span>\n\t\t\t\t\t\t\t\t\t\t\t\t\t\t\t\t\t\t<span class=\"elementor-price-list-separator\"><\/span>\n\t\t\t\t\t\t\t\t\t\t\t\t\t\t\t\t\t\t\t<span class=\"elementor-price-list-price\">150 z\u0142<\/span>\n\t\t\t\t\t\t\t\t\t\t<\/div>\n\t\t\t\t\t\t\t\t\t\t\t\t<\/div>\n\t\t\t\t<\/li>\t\t\t\t\t\n\t\t<\/ul>\n\n\t\t\t\t\t\t<\/div>\n\t\t\t\t<\/div>\n\t\t\t\t\t<\/div>\n\t\t<\/div>\n\t\t\t\t\t<\/div>\n\t\t<\/section>\n\t\t\t\t<div class=\"elementor-element elementor-element-5d3bc417 elementor-align-center elementor-widget elementor-widget-button\" data-id=\"5d3bc417\" data-element_type=\"widget\" data-widget_type=\"button.default\">\n\t\t\t\t<div class=\"elementor-widget-container\">\n\t\t\t\t\t\t\t\t\t<div class=\"elementor-button-wrapper\">\n\t\t\t\t\t<a class=\"elementor-button elementor-button-link elementor-size-sm\" href=\"https:\/\/booksy.com\/pl-pl\/98864_prive-beauty-hair_salon-kosmetyczny_20383_gdansk?gclid=Cj0KCQjwy4KqBhD0ARIsAEbCt6irQVY2KZkFOY5bozC7bK_JsBIGmp0CDy_jvNEzPPLaqQCB57ibLKcaAiPjEALw_wcB\" target=\"_blank\">\n\t\t\t\t\t\t<span class=\"elementor-button-content-wrapper\">\n\t\t\t\t\t\t\t\t\t<span class=\"elementor-button-text\">RESERVE<\/span>\n\t\t\t\t\t<\/span>\n\t\t\t\t\t<\/a>\n\t\t\t\t<\/div>\n\t\t\t\t\t\t\t\t<\/div>\n\t\t\t\t<\/div>\n\t\t\t\t\t<\/div>\n\t\t<\/div>\n\t\t\t\t\t<\/div>\n\t\t<\/section>\n\t\t\t\t<\/div>\n\t\t","protected":false},"excerpt":{"rendered":"<p>LASER TREATMENT OF ACNE VULGARIS AND ROSACEA Laser treatment of acne vulgaris and rosacea Always the first step in the fight against acne is an individual consultation, during which a precise diagnosis of the skin is made. Laser acne treatment is a state-of-the-art procedure that focuses on antibacterial activities, regulating seborrhea, exfoliating dead skin and [&hellip;]<\/p>\n","protected":false},"author":1,"featured_media":0,"parent":0,"menu_order":0,"comment_status":"closed","ping_status":"closed","template":"elementor_header_footer","meta":{"cybocfi_hide_featured_image":"","footnotes":""},"blocksy_meta":[],"_links":{"self":[{"href":"https:\/\/depilacja-gdansk.pl\/en\/wp-json\/wp\/v2\/pages\/1196"}],"collection":[{"href":"https:\/\/depilacja-gdansk.pl\/en\/wp-json\/wp\/v2\/pages"}],"about":[{"href":"https:\/\/depilacja-gdansk.pl\/en\/wp-json\/wp\/v2\/types\/page"}],"author":[{"embeddable":true,"href":"https:\/\/depilacja-gdansk.pl\/en\/wp-json\/wp\/v2\/users\/1"}],"replies":[{"embeddable":true,"href":"https:\/\/depilacja-gdansk.pl\/en\/wp-json\/wp\/v2\/comments?post=1196"}],"version-history":[{"count":0,"href":"https:\/\/depilacja-gdansk.pl\/en\/wp-json\/wp\/v2\/pages\/1196\/revisions"}],"wp:attachment":[{"href":"https:\/\/depilacja-gdansk.pl\/en\/wp-json\/wp\/v2\/media?parent=1196"}],"curies":[{"name":"wp","href":"https:\/\/api.w.org\/{rel}","templated":true}]}}