{"id":1205,"date":"2023-12-10T08:52:25","date_gmt":"2023-12-10T08:52:25","guid":{"rendered":"https:\/\/depilacja-gdansk.pl\/photorejuvenation\/"},"modified":"2024-03-24T23:21:27","modified_gmt":"2024-03-24T23:21:27","slug":"photorejuvenation","status":"publish","type":"page","link":"https:\/\/depilacja-gdansk.pl\/en\/photorejuvenation\/","title":{"rendered":"PHOTOREJUVENATION"},"content":{"rendered":"\t\t<div data-elementor-type=\"wp-page\" data-elementor-id=\"1205\" class=\"elementor elementor-1205\" data-elementor-post-type=\"page\">\n\t\t\t\t\t\t<section class=\"elementor-section elementor-top-section elementor-element elementor-element-236af217 elementor-section-content-middle elementor-section-boxed elementor-section-height-default elementor-section-height-default\" data-id=\"236af217\" data-element_type=\"section\" data-settings=\"{&quot;background_background&quot;:&quot;classic&quot;}\">\n\t\t\t\t\t\t<div class=\"elementor-container elementor-column-gap-default\">\n\t\t\t\t\t<div class=\"elementor-column elementor-col-100 elementor-top-column elementor-element elementor-element-201677be\" data-id=\"201677be\" data-element_type=\"column\">\n\t\t\t<div class=\"elementor-widget-wrap elementor-element-populated\">\n\t\t\t\t\t\t<div class=\"elementor-element elementor-element-10b2b018 elementor-widget elementor-widget-heading\" data-id=\"10b2b018\" data-element_type=\"widget\" data-widget_type=\"heading.default\">\n\t\t\t\t<div class=\"elementor-widget-container\">\n\t\t\t\t\t<h5 class=\"elementor-heading-title elementor-size-default\">PHOTOREJUVENATION<\/h5>\t\t\t\t<\/div>\n\t\t\t\t<\/div>\n\t\t\t\t\t<\/div>\n\t\t<\/div>\n\t\t\t\t\t<\/div>\n\t\t<\/section>\n\t\t\t\t<section class=\"elementor-section elementor-top-section elementor-element elementor-element-497cb071 elementor-section-boxed elementor-section-height-default elementor-section-height-default\" data-id=\"497cb071\" data-element_type=\"section\" data-settings=\"{&quot;background_background&quot;:&quot;classic&quot;}\">\n\t\t\t\t\t\t<div class=\"elementor-container elementor-column-gap-default\">\n\t\t\t\t\t<div class=\"elementor-column elementor-col-100 elementor-top-column elementor-element elementor-element-1a881c97\" data-id=\"1a881c97\" data-element_type=\"column\">\n\t\t\t<div class=\"elementor-widget-wrap elementor-element-populated\">\n\t\t\t\t\t\t<div class=\"elementor-element elementor-element-55b124f4 elementor-widget elementor-widget-heading\" data-id=\"55b124f4\" data-element_type=\"widget\" data-widget_type=\"heading.default\">\n\t\t\t\t<div class=\"elementor-widget-container\">\n\t\t\t\t\t<h2 class=\"elementor-heading-title elementor-size-default\">Photorejuvenation: Skin Revitalization by Intense SSR Light\n<\/h2>\t\t\t\t<\/div>\n\t\t\t\t<\/div>\n\t\t\t\t<div class=\"elementor-element elementor-element-53c3c6dd elementor-widget elementor-widget-text-editor\" data-id=\"53c3c6dd\" data-element_type=\"widget\" data-widget_type=\"text-editor.default\">\n\t\t\t\t<div class=\"elementor-widget-container\">\n\t\t\t\t\t\t\t\t\t<p><span style=\"font-weight: 400;\">Photorejuvenation in Gdansk is an innovative treatment that uses dynamic irradiation with intense SSR light. The treatment is designed to stimulate the production of elastin and collagen in the skin, responsible for its firmness and elasticity. Skin rejuvenation is comprehensive, encompassing both an immediate lifting effect and long-term benefits to skin condition.<\/span><\/p>\n\t\t\t\t\t\t\t\t<\/div>\n\t\t\t\t<\/div>\n\t\t\t\t<div class=\"elementor-element elementor-element-0e7d384 elementor-widget elementor-widget-heading\" data-id=\"0e7d384\" data-element_type=\"widget\" data-widget_type=\"heading.default\">\n\t\t\t\t<div class=\"elementor-widget-container\">\n\t\t\t\t\t<h2 class=\"elementor-heading-title elementor-size-default\">Four-Step SSR Photorejuvenation Therapy.\n<\/h2>\t\t\t\t<\/div>\n\t\t\t\t<\/div>\n\t\t\t\t<div class=\"elementor-element elementor-element-704ed10 elementor-widget elementor-widget-text-editor\" data-id=\"704ed10\" data-element_type=\"widget\" data-widget_type=\"text-editor.default\">\n\t\t\t\t<div class=\"elementor-widget-container\">\n\t\t\t\t\t\t\t\t\t<ol>\n<li aria-level=\"1\"><b>Microdermabrasion<\/b><span style=\"font-weight: 400;\"> exfoliates dead skin<\/span><\/li>\n<li aria-level=\"1\"><b>Cavitation peeling<\/b><span style=\"font-weight: 400;\"> cleanses the pores, preparing the skin for therapy<\/span><\/li>\n<li aria-level=\"1\"><span style=\"font-weight: 400;\">Precision <\/span><b>irradiation<\/b><span style=\"font-weight: 400;\"> Areas of skin subject to aging, eliminating wrinkles, furrows and broken capillaries<\/span><\/li>\n<li aria-level=\"1\"><b>Calming mask<\/b><span style=\"font-weight: 400;\"> regenerates the skin after the treatment and provides a moment of relaxation and serenity<\/span><\/li>\n<\/ol>\n\t\t\t\t\t\t\t\t<\/div>\n\t\t\t\t<\/div>\n\t\t\t\t<div class=\"elementor-element elementor-element-b081cbc elementor-widget elementor-widget-image\" data-id=\"b081cbc\" data-element_type=\"widget\" data-widget_type=\"image.default\">\n\t\t\t\t<div class=\"elementor-widget-container\">\n\t\t\t\t\t\t\t\t\t\t\t\t\t\t\t<img fetchpriority=\"high\" decoding=\"async\" width=\"1920\" height=\"1080\" src=\"https:\/\/depilacja-gdansk.pl\/wp-content\/uploads\/2024\/03\/fotoodmladzanie.jpg\" class=\"attachment-full size-full wp-image-1059\" alt=\"fotoodmladzanie\" srcset=\"https:\/\/depilacja-gdansk.pl\/wp-content\/uploads\/2024\/03\/fotoodmladzanie.jpg 1920w, https:\/\/depilacja-gdansk.pl\/wp-content\/uploads\/2024\/03\/fotoodmladzanie-300x169.jpg 300w, https:\/\/depilacja-gdansk.pl\/wp-content\/uploads\/2024\/03\/fotoodmladzanie-1024x576.jpg 1024w, https:\/\/depilacja-gdansk.pl\/wp-content\/uploads\/2024\/03\/fotoodmladzanie-768x432.jpg 768w, https:\/\/depilacja-gdansk.pl\/wp-content\/uploads\/2024\/03\/fotoodmladzanie-1536x864.jpg 1536w\" sizes=\"(max-width: 1920px) 100vw, 1920px\" \/>\t\t\t\t\t\t\t\t\t\t\t\t\t\t\t<\/div>\n\t\t\t\t<\/div>\n\t\t\t\t<div class=\"elementor-element elementor-element-7cb1dac elementor-widget elementor-widget-heading\" data-id=\"7cb1dac\" data-element_type=\"widget\" data-widget_type=\"heading.default\">\n\t\t\t\t<div class=\"elementor-widget-container\">\n\t\t\t\t\t<h2 class=\"elementor-heading-title elementor-size-default\">Photorejuvenation: What Are the Advantages?\n<\/h2>\t\t\t\t<\/div>\n\t\t\t\t<\/div>\n\t\t\t\t<div class=\"elementor-element elementor-element-ab21cf0 elementor-widget elementor-widget-text-editor\" data-id=\"ab21cf0\" data-element_type=\"widget\" data-widget_type=\"text-editor.default\">\n\t\t\t\t<div class=\"elementor-widget-container\">\n\t\t\t\t\t\t\t\t\t<ul>\n<li><span style=\"font-weight: 400;\">Reduce pigmentation spots and even out skin texture.<\/span><\/li>\n<li><span style=\"font-weight: 400;\">Stimulation of collagen and elastin production, providing a lifting effect.<\/span><\/li>\n<li><span style=\"font-weight: 400;\">Eliminate visible signs of skin aging.<\/span><\/li>\n<li><span style=\"font-weight: 400;\">Effective removal of hyperpigmentation and fine blood vessels.<\/span><\/li>\n<li><span style=\"font-weight: 400;\">Exfoliation of dead skin, elimination of blackheads and impurities.<\/span><\/li>\n<li><span style=\"font-weight: 400;\">The treatment in one visit is a comprehensive therapy on three different apparatuses.<\/span><\/li>\n<\/ul>\n\t\t\t\t\t\t\t\t<\/div>\n\t\t\t\t<\/div>\n\t\t\t\t<div class=\"elementor-element elementor-element-c08722d elementor-widget elementor-widget-heading\" data-id=\"c08722d\" data-element_type=\"widget\" data-widget_type=\"heading.default\">\n\t\t\t\t<div class=\"elementor-widget-container\">\n\t\t\t\t\t<h2 class=\"elementor-heading-title elementor-size-default\">Preparation for Treatment<\/h2>\t\t\t\t<\/div>\n\t\t\t\t<\/div>\n\t\t\t\t<div class=\"elementor-element elementor-element-dc6099f elementor-widget elementor-widget-text-editor\" data-id=\"dc6099f\" data-element_type=\"widget\" data-widget_type=\"text-editor.default\">\n\t\t\t\t<div class=\"elementor-widget-container\">\n\t\t\t\t\t\t\t\t\t<p>Preparing for photorejuvenation is a key step to maximize the effectiveness and safety of the procedure. Approximately 2 weeks before the scheduled treatment, it is recommended to avoid tanning of the skin, both in the sun and in a tanning bed, to reduce the risk of irritation and skin reactions. In addition, the use of self-tanners should be discontinued during this period. Before treatment, it is worth consulting a professional to discuss individual skin needs and possible contraindications, so that the parameters of photorejuvenation can be tailored to your specific case.<\/p>\n\t\t\t\t\t\t\t\t<\/div>\n\t\t\t\t<\/div>\n\t\t\t\t\t<\/div>\n\t\t<\/div>\n\t\t\t\t\t<\/div>\n\t\t<\/section>\n\t\t\t\t<section class=\"elementor-section elementor-top-section elementor-element elementor-element-4fbea537 elementor-section-content-middle elementor-section-boxed elementor-section-height-default elementor-section-height-default\" data-id=\"4fbea537\" data-element_type=\"section\" data-settings=\"{&quot;background_background&quot;:&quot;classic&quot;}\">\n\t\t\t\t\t\t<div class=\"elementor-container elementor-column-gap-default\">\n\t\t\t\t\t<div class=\"elementor-column elementor-col-100 elementor-top-column elementor-element elementor-element-1854ffe5\" data-id=\"1854ffe5\" data-element_type=\"column\">\n\t\t\t<div class=\"elementor-widget-wrap elementor-element-populated\">\n\t\t\t\t\t\t<div class=\"elementor-element elementor-element-672d1a34 elementor-widget elementor-widget-jkit_tabs\" data-id=\"672d1a34\" data-element_type=\"widget\" data-widget_type=\"jkit_tabs.default\">\n\t\t\t\t<div class=\"elementor-widget-container\">\n\t\t\t\t\t<div  class=\"jeg-elementor-kit jkit-tabs layout-vertical jeg_module___6a08e50091c4b\" ><div class=\"tab-navigation\"><ul class=\"tab-nav-list   \" data-toggle=\"\"><li class=\"tab-nav active \" data-tab=\"tab-c312ac4\"><span class=\"tab-title\">Zalety<\/span><div class=\"tab-content\"><div class=\"tab-description\"><\/div><\/div><\/li><li class=\"tab-nav  \" data-tab=\"tab-9f21372\"><span class=\"tab-title\">Przygotowanie<\/span><div class=\"tab-content\"><div class=\"tab-description\"><\/div><\/div><\/li><li class=\"tab-nav  \" data-tab=\"tab-322cd4d\"><span class=\"tab-title\"> Wskazania<\/span><div class=\"tab-content\"><div class=\"tab-description\"><\/div><\/div><\/li><li class=\"tab-nav  \" data-tab=\"tab-e241c29\"><span class=\"tab-title\">Przeciwwskazania<\/span><div class=\"tab-content\"><div class=\"tab-description\"><\/div><\/div><\/li><\/ul><\/div><div class=\"tab-content-list\"><div class=\"tab-content tab-c312ac4 active\"><ul><li>Ujednolicenie kolorytu sk\u00f3ry<\/li><li>Poprawa j\u0119drno\u015bci i elastyczno\u015bci sk\u00f3ry<\/li><li>Sp\u0142ycenie zmarszczek oraz bruzd<\/li><li>Redukcja poszerzonych por\u00f3w<\/li><li>Zamkni\u0119cie drobnych naczynek krwiono\u015bnych<\/li><li>Poprawa owalu twarzy<\/li><li>Redukcja przebarwie\u0144<\/li><li>Oczyszczenie sk\u00f3ry<\/li><li>Z\u0142uszczenie martwego nask\u00f3rka<\/li><li>Bezbolesno\u015b\u0107<\/li><li>Kompleksowo\u015b\u0107- jedna wizyta to czteroetapowa terapia na 3 r\u00f3\u017cnych aparaturach<\/li><li>Bezpiecze\u0144stwo i bezinwazyjno\u015b\u0107<\/li><li>Nie wymaga rekonwalescencji w warunkach domowych<\/li><\/ul><\/div><div class=\"tab-content tab-9f21372 \"><ul><li>Na oko\u0142o 2 tygodnie nale\u017cy nie opala\u0107 sk\u00f3ry: - eksponuj\u0105c j\u0105 na s\u0142o\u0144ce (rozumiej\u0105c przez to opalanie z premedytacj\u0105 np. na pla\u017cy, a tak\u017ce mimowolne np. podczas spacer\u00f3w) - w solarium - samoopalaczem<\/li><\/ul><\/div><div class=\"tab-content tab-322cd4d \"><ul><li>Utrata elastyczno\u015bci sk\u00f3ry<\/li><li>Zmarszczki<\/li><li>Bruzdy<\/li><li>Poszerzone drobne naczynka<\/li><li>Plamki pigmentacyjne<\/li><li>Rozszerzone pory<\/li><li>Sk\u00f3ra poszarza\u0142a, zm\u0119czona.<\/li><li>Terapia jest przeznaczona dla os\u00f3b po 30 roku \u017cycia w celu zniwelowania skutk\u00f3w starzenia si\u0119 sk\u00f3ry lub zapobiegania im<\/li><\/ul><\/div><div class=\"tab-content tab-e241c29 \"><ul><li>Ci\u0105\u017ca, karmienie piersi\u0105<\/li><li>Choroby wewn\u0119trzne: nowotw\u00f3r, cukrzyca, aktywna infekcja, epilepsja inne zburzenia neurologiczne, alergia<\/li><li>Zmieniony kolor sk\u00f3ry: opalenizna, samoopalacz (do 2 tygodni przed zabiegiem)<\/li><li>Choroby sk\u00f3ry: aktywna opryszczka, obecno\u015b\u0107 zmian barwinkowych albo bielactwo, \u0142uszczyca, liszaj p\u0142aski, fotodermatozy, przerwanie ci\u0105g\u0142o\u015bci sk\u00f3ry<\/li><li>Przyjmowanie zi\u00f3\u0142: dziurawiec, nagietek, bratek, skrzyp polny<\/li><li>Stosowanie retinolu, miejscowych ma\u015bci z antybiotykiem<\/li><li>Stosowanie lek\u00f3w \u015bwiat\u0142ouczulaj\u0105cych, antybiotyk\u00f3w<\/li><li>Leki rozrzedzaj\u0105ce krew<\/li><li>Aspiryna (przesta\u0107 za\u017cywa\u0107 na 1tydzie\u0144 przed zabiegiem)<\/li><li>Sk\u0142onno\u015bci do bliznowacenia i przebarwie\u0144<\/li><li>Witamina a i e<\/li><li>Wype\u0142niacz w miejscu zabiegu<\/li><\/ul><\/div><\/div><\/div>\t\t\t\t<\/div>\n\t\t\t\t<\/div>\n\t\t\t\t\t<\/div>\n\t\t<\/div>\n\t\t\t\t\t<\/div>\n\t\t<\/section>\n\t\t\t\t<section class=\"elementor-section elementor-top-section elementor-element elementor-element-3e6b07b5 elementor-section-content-middle elementor-section-boxed elementor-section-height-default elementor-section-height-default\" data-id=\"3e6b07b5\" data-element_type=\"section\" data-settings=\"{&quot;background_background&quot;:&quot;classic&quot;}\">\n\t\t\t\t\t\t<div class=\"elementor-container elementor-column-gap-default\">\n\t\t\t\t\t<div class=\"elementor-column elementor-col-100 elementor-top-column elementor-element elementor-element-6f18d0f0\" data-id=\"6f18d0f0\" data-element_type=\"column\">\n\t\t\t<div class=\"elementor-widget-wrap elementor-element-populated\">\n\t\t\t\t\t\t<div class=\"elementor-element elementor-element-733666d2 elementor-widget elementor-widget-heading\" data-id=\"733666d2\" data-element_type=\"widget\" data-widget_type=\"heading.default\">\n\t\t\t\t<div class=\"elementor-widget-container\">\n\t\t\t\t\t<h5 class=\"elementor-heading-title elementor-size-default\">Price list<\/h5>\t\t\t\t<\/div>\n\t\t\t\t<\/div>\n\t\t\t\t<div class=\"elementor-element elementor-element-39defb77 elementor-widget-divider--view-line elementor-widget elementor-widget-divider\" data-id=\"39defb77\" data-element_type=\"widget\" data-widget_type=\"divider.default\">\n\t\t\t\t<div class=\"elementor-widget-container\">\n\t\t\t\t\t\t\t<div class=\"elementor-divider\">\n\t\t\t<span class=\"elementor-divider-separator\">\n\t\t\t\t\t\t<\/span>\n\t\t<\/div>\n\t\t\t\t\t\t<\/div>\n\t\t\t\t<\/div>\n\t\t\t\t<section class=\"elementor-section elementor-inner-section elementor-element elementor-element-6e8f024d elementor-section-boxed elementor-section-height-default elementor-section-height-default\" data-id=\"6e8f024d\" data-element_type=\"section\">\n\t\t\t\t\t\t<div class=\"elementor-container elementor-column-gap-wider\">\n\t\t\t\t\t<div class=\"elementor-column elementor-col-100 elementor-inner-column elementor-element elementor-element-b42d628\" data-id=\"b42d628\" data-element_type=\"column\">\n\t\t\t<div class=\"elementor-widget-wrap elementor-element-populated\">\n\t\t\t\t\t\t<div class=\"elementor-element elementor-element-44a2a6bd elementor-widget elementor-widget-price-list\" data-id=\"44a2a6bd\" data-element_type=\"widget\" data-widget_type=\"price-list.default\">\n\t\t\t\t<div class=\"elementor-widget-container\">\n\t\t\t\t\t\n\t\t<ul class=\"elementor-price-list\">\n\n\t\t\t\t\t\t\t\t\t<li class=\"elementor-price-list-item\">\t\t\t\t\n\t\t\t\t<div class=\"elementor-price-list-text\">\n\t\t\t\t\t\t\t\t\t<div class=\"elementor-price-list-header\">\n\t\t\t\t\t\t\t\t\t\t\t<span class=\"elementor-price-list-title\">\n\t\t\t\t\t\t\tface  \t\t\t\t\t\t<\/span>\n\t\t\t\t\t\t\t\t\t\t\t\t\t\t\t\t\t\t<span class=\"elementor-price-list-separator\"><\/span>\n\t\t\t\t\t\t\t\t\t\t\t\t\t\t\t\t\t\t\t<span class=\"elementor-price-list-price\">369 z\u0142<\/span>\n\t\t\t\t\t\t\t\t\t\t<\/div>\n\t\t\t\t\t\t\t\t\t\t\t\t<\/div>\n\t\t\t\t<\/li>\t\t\t\t\t\t\t\t\t\t\t\t<li class=\"elementor-price-list-item\">\t\t\t\t\n\t\t\t\t<div class=\"elementor-price-list-text\">\n\t\t\t\t\t\t\t\t\t<div class=\"elementor-price-list-header\">\n\t\t\t\t\t\t\t\t\t\t\t<span class=\"elementor-price-list-title\">\n\t\t\t\t\t\t\tface neck\t\t\t\t\t\t<\/span>\n\t\t\t\t\t\t\t\t\t\t\t\t\t\t\t\t\t\t<span class=\"elementor-price-list-separator\"><\/span>\n\t\t\t\t\t\t\t\t\t\t\t\t\t\t\t\t\t\t\t<span class=\"elementor-price-list-price\">249 z\u0142<\/span>\n\t\t\t\t\t\t\t\t\t\t<\/div>\n\t\t\t\t\t\t\t\t\t\t\t\t<\/div>\n\t\t\t\t<\/li>\t\t\t\t\t\t\t\t\t\t\t\t<li class=\"elementor-price-list-item\">\t\t\t\t\n\t\t\t\t<div class=\"elementor-price-list-text\">\n\t\t\t\t\t\t\t\t\t<div class=\"elementor-price-list-header\">\n\t\t\t\t\t\t\t\t\t\t\t<span class=\"elementor-price-list-title\">\n\t\t\t\t\t\t\tface neck cleavage\t\t\t\t\t\t<\/span>\n\t\t\t\t\t\t\t\t\t\t\t\t\t\t\t\t\t\t<span class=\"elementor-price-list-separator\"><\/span>\n\t\t\t\t\t\t\t\t\t\t\t\t\t\t\t\t\t\t\t<span class=\"elementor-price-list-price\">449 z\u0142<\/span>\n\t\t\t\t\t\t\t\t\t\t<\/div>\n\t\t\t\t\t\t\t\t\t\t\t\t<\/div>\n\t\t\t\t<\/li>\t\t\t\t\t\n\t\t<\/ul>\n\n\t\t\t\t\t\t<\/div>\n\t\t\t\t<\/div>\n\t\t\t\t\t<\/div>\n\t\t<\/div>\n\t\t\t\t\t<\/div>\n\t\t<\/section>\n\t\t\t\t<div class=\"elementor-element elementor-element-709e472e elementor-align-center elementor-widget elementor-widget-button\" data-id=\"709e472e\" data-element_type=\"widget\" data-widget_type=\"button.default\">\n\t\t\t\t<div class=\"elementor-widget-container\">\n\t\t\t\t\t\t\t\t\t<div class=\"elementor-button-wrapper\">\n\t\t\t\t\t<a class=\"elementor-button elementor-button-link elementor-size-sm\" href=\"https:\/\/booksy.com\/pl-pl\/98864_prive-beauty-hair_salon-kosmetyczny_20383_gdansk?gclid=Cj0KCQjwy4KqBhD0ARIsAEbCt6irQVY2KZkFOY5bozC7bK_JsBIGmp0CDy_jvNEzPPLaqQCB57ibLKcaAiPjEALw_wcB\" target=\"_blank\">\n\t\t\t\t\t\t<span class=\"elementor-button-content-wrapper\">\n\t\t\t\t\t\t\t\t\t<span class=\"elementor-button-text\">RESERVE<\/span>\n\t\t\t\t\t<\/span>\n\t\t\t\t\t<\/a>\n\t\t\t\t<\/div>\n\t\t\t\t\t\t\t\t<\/div>\n\t\t\t\t<\/div>\n\t\t\t\t\t<\/div>\n\t\t<\/div>\n\t\t\t\t\t<\/div>\n\t\t<\/section>\n\t\t\t\t<\/div>\n\t\t","protected":false},"excerpt":{"rendered":"<p>PHOTOREJUVENATION Photorejuvenation: Skin Revitalization by Intense SSR Light Photorejuvenation in Gdansk is an innovative treatment that uses dynamic irradiation with intense SSR light. The treatment is designed to stimulate the production of elastin and collagen in the skin, responsible for its firmness and elasticity. Skin rejuvenation is comprehensive, encompassing both an immediate lifting effect and [&hellip;]<\/p>\n","protected":false},"author":1,"featured_media":0,"parent":0,"menu_order":0,"comment_status":"closed","ping_status":"closed","template":"elementor_header_footer","meta":{"cybocfi_hide_featured_image":"","footnotes":""},"blocksy_meta":[],"_links":{"self":[{"href":"https:\/\/depilacja-gdansk.pl\/en\/wp-json\/wp\/v2\/pages\/1205"}],"collection":[{"href":"https:\/\/depilacja-gdansk.pl\/en\/wp-json\/wp\/v2\/pages"}],"about":[{"href":"https:\/\/depilacja-gdansk.pl\/en\/wp-json\/wp\/v2\/types\/page"}],"author":[{"embeddable":true,"href":"https:\/\/depilacja-gdansk.pl\/en\/wp-json\/wp\/v2\/users\/1"}],"replies":[{"embeddable":true,"href":"https:\/\/depilacja-gdansk.pl\/en\/wp-json\/wp\/v2\/comments?post=1205"}],"version-history":[{"count":0,"href":"https:\/\/depilacja-gdansk.pl\/en\/wp-json\/wp\/v2\/pages\/1205\/revisions"}],"wp:attachment":[{"href":"https:\/\/depilacja-gdansk.pl\/en\/wp-json\/wp\/v2\/media?parent=1205"}],"curies":[{"name":"wp","href":"https:\/\/api.w.org\/{rel}","templated":true}]}}